{"id":462,"date":"2020-05-11T11:14:14","date_gmt":"2020-05-11T09:14:14","guid":{"rendered":"https:\/\/thefischer.net\/wordpress\/?page_id=462"},"modified":"2020-05-11T11:14:14","modified_gmt":"2020-05-11T09:14:14","slug":"%d0%b3%d0%bb%d0%b0%d0%b2%d0%bd%d0%b0%d1%8f-%d1%81%d1%82%d1%80%d0%b0%d0%bd%d0%b8%d1%86%d0%b0-hauptseite","status":"publish","type":"page","link":"https:\/\/natalie.thefischer.net\/","title":{"rendered":"\u0413\u043b\u0430\u0432\u043d\u0430\u044f \u0441\u0442\u0440\u0430\u043d\u0438\u0446\u0430 \/ Hauptseite"},"content":{"rendered":"\n<p style=\"background-color:#120f57\" class=\"has-text-color has-background has-very-light-gray-color\"><em>\u0414\u043e\u0431\u0440\u043e \u043f\u043e\u0436\u0430\u043b\u043e\u0432\u0430\u0442\u044c! \u0412\u044b\u0431\u0435\u0440\u0438\u0442\u0435 \u0434\u0430\u0442\u0443 \u0432 \u043a\u0430\u043b\u0435\u043d\u0434\u0430\u0440\u0435, \u0447\u0442\u043e\u0431\u044b \u043f\u0440\u043e\u0441\u043c\u043e\u0442\u0440\u0435\u0442\u044c \u0441\u043e\u0431\u044b\u0442\u0438\u044f \u0434\u043d\u044f, \u0438\u043b\u0438 \u0432\u044b\u0431\u0435\u0440\u0438\u0442\u0435 \u0440\u0443\u0431\u0440\u0438\u043a\u0443.<\/em> <em>Herzlich Willkommen! W\u00e4hlen Sie ein Datum im Kalender aus, um Beitr\u00e4ge des Tages anzusehen, oder w\u00e4hlen Sie eine Kategorie aus.<\/em><\/p>\n\n\n\n<figure class=\"wp-block-image\"><img decoding=\"async\" src=\"https:\/\/thefischer.net\/wordpress\/wp-content\/uploads\/2020\/04\/PY4A9971_DxO-1024x682.jpg\" alt=\"\" class=\"wp-image-137\"\/><\/figure>\n\n\n\n<p style=\"background-color:#120f57\" class=\"has-text-color has-background has-very-light-gray-color\"><em>\u0420\u0423\u0411\u0420\u0418\u041a\u0418 \/ KATEGORIEN:<\/em><\/p>\n\n\n<ul class=\"wp-block-categories-list wp-block-categories\">\t<li class=\"cat-item cat-item-1\"><a href=\"https:\/\/natalie.thefischer.net\/?cat=1\">Allgemein<\/a>\n<\/li>\n\t<li class=\"cat-item cat-item-9\"><a href=\"https:\/\/natalie.thefischer.net\/?cat=9\">\u0412\u0435\u043b\u043e\u0441\u0438\u043f\u0435\u0434 \/ Fahrrad<\/a>\n<\/li>\n\t<li class=\"cat-item cat-item-14\"><a href=\"https:\/\/natalie.thefischer.net\/?cat=14\">\u0414\u043e\u043c\u0430 \/ Zuhause<\/a>\n<\/li>\n\t<li class=\"cat-item cat-item-11\"><a href=\"https:\/\/natalie.thefischer.net\/?cat=11\">\u0417\u0434\u043e\u0440\u043e\u0432\u044c\u0435 \/ Gesundheit<\/a>\n<\/li>\n\t<li class=\"cat-item cat-item-18\"><a href=\"https:\/\/natalie.thefischer.net\/?cat=18\">\u0418\u0441\u0442\u043e\u0440\u0438\u044f \/ Geschichte<\/a>\n<\/li>\n\t<li class=\"cat-item cat-item-3\"><a href=\"https:\/\/natalie.thefischer.net\/?cat=3\">\u041a\u043d\u0438\u0433\u0430 \u0434\u043d\u044f \/ Buch des Tages<\/a>\n<\/li>\n\t<li class=\"cat-item cat-item-7\"><a href=\"https:\/\/natalie.thefischer.net\/?cat=7\">\u041c\u0438\u0440 \u0418\u043d\u0433\u043e \/ Ingo\u00b4s Welt<\/a>\n<\/li>\n\t<li class=\"cat-item cat-item-4\"><a href=\"https:\/\/natalie.thefischer.net\/?cat=4\">\u041d\u0430\u0448 \u0441\u0430\u0434 \/ Unser Garten<\/a>\n<\/li>\n\t<li class=\"cat-item cat-item-6\"><a href=\"https:\/\/natalie.thefischer.net\/?cat=6\">\u041d\u0435\u043c\u0435\u0446\u043a\u0438\u0439 \u044f\u0437\u044b\u043a \/ Deutsch<\/a>\n<\/li>\n\t<li class=\"cat-item cat-item-10\"><a href=\"https:\/\/natalie.thefischer.net\/?cat=10\">\u041e\u043a\u0440\u0435\u0441\u0442\u043d\u043e\u0441\u0442\u0438 \/ Umgebung<\/a>\n<\/li>\n\t<li class=\"cat-item cat-item-19\"><a href=\"https:\/\/natalie.thefischer.net\/?cat=19\">\u041e\u0442\u043f\u0443\u0441\u043a \/ Urlaub<\/a>\n<\/li>\n\t<li class=\"cat-item cat-item-12\"><a href=\"https:\/\/natalie.thefischer.net\/?cat=12\">\u041f\u0440\u0438\u0440\u043e\u0434\u0430 \/ Natur<\/a>\n<\/li>\n\t<li class=\"cat-item cat-item-8\"><a href=\"https:\/\/natalie.thefischer.net\/?cat=8\">\u0421\u043f\u043e\u0440\u0442 \/ Sport<\/a>\n<\/li>\n\t<li class=\"cat-item cat-item-13\"><a href=\"https:\/\/natalie.thefischer.net\/?cat=13\">\u0421\u0442\u0438\u0445 \u0434\u043d\u044f \/ Gedicht des Tages<\/a>\n<\/li>\n\t<li class=\"cat-item cat-item-15\"><a href=\"https:\/\/natalie.thefischer.net\/?cat=15\">\u0422\u0435\u0445\u043d\u0438\u043a\u0430 \u0444\u043e\u0442\u043e \/ Fototechnik<\/a>\n<\/li>\n\t<li class=\"cat-item cat-item-16\"><a href=\"https:\/\/natalie.thefischer.net\/?cat=16\">\u0424\u0438\u043b\u044c\u043c\u044b \/ Filme<\/a>\n<\/li>\n\t<li class=\"cat-item cat-item-17\"><a href=\"https:\/\/natalie.thefischer.net\/?cat=17\">\u0424\u043e\u0442\u043e \u0434\u043d\u044f \/ Bild des Tages<\/a>\n<\/li>\n\t<li class=\"cat-item cat-item-5\"><a href=\"https:\/\/natalie.thefischer.net\/?cat=5\">\u0424\u0440\u0430\u0437\u0430 \u0434\u043d\u044f \/ Spruch des Tages<\/a>\n<\/li>\n<\/ul>","protected":false},"excerpt":{"rendered":"<p>\u0414\u043e\u0431\u0440\u043e \u043f\u043e\u0436\u0430\u043b\u043e\u0432\u0430\u0442\u044c! \u0412\u044b\u0431\u0435\u0440\u0438\u0442\u0435 \u0434\u0430\u0442\u0443 \u0432 \u043a\u0430\u043b\u0435\u043d\u0434\u0430\u0440\u0435, \u0447\u0442\u043e\u0431\u044b \u043f\u0440\u043e\u0441\u043c\u043e\u0442\u0440\u0435\u0442\u044c \u0441\u043e\u0431\u044b\u0442\u0438\u044f \u0434\u043d\u044f, \u0438\u043b\u0438 \u0432\u044b\u0431\u0435\u0440\u0438\u0442\u0435 \u0440\u0443\u0431\u0440\u0438\u043a\u0443. Herzlich Willkommen! W\u00e4hlen Sie ein Datum im Kalender aus, um Beitr\u00e4ge des Tages anzusehen, oder w\u00e4hlen Sie &hellip; <\/p>\n","protected":false},"author":1,"featured_media":0,"parent":0,"menu_order":0,"comment_status":"closed","ping_status":"closed","template":"","meta":{"footnotes":""},"class_list":["post-462","page","type-page","status-publish","hentry"],"_links":{"self":[{"href":"https:\/\/natalie.thefischer.net\/index.php?rest_route=\/wp\/v2\/pages\/462"}],"collection":[{"href":"https:\/\/natalie.thefischer.net\/index.php?rest_route=\/wp\/v2\/pages"}],"about":[{"href":"https:\/\/natalie.thefischer.net\/index.php?rest_route=\/wp\/v2\/types\/page"}],"author":[{"embeddable":true,"href":"https:\/\/natalie.thefischer.net\/index.php?rest_route=\/wp\/v2\/users\/1"}],"replies":[{"embeddable":true,"href":"https:\/\/natalie.thefischer.net\/index.php?rest_route=%2Fwp%2Fv2%2Fcomments&post=462"}],"version-history":[{"count":0,"href":"https:\/\/natalie.thefischer.net\/index.php?rest_route=\/wp\/v2\/pages\/462\/revisions"}],"wp:attachment":[{"href":"https:\/\/natalie.thefischer.net\/index.php?rest_route=%2Fwp%2Fv2%2Fmedia&parent=462"}],"curies":[{"name":"wp","href":"https:\/\/api.w.org\/{rel}","templated":true}]}}